{"id":8660,"date":"2025-01-24T09:30:05","date_gmt":"2025-01-24T08:30:05","guid":{"rendered":"https:\/\/www.sams-industrie.fr\/product\/palier-cinematique-gauche-reference-500-106-203\/"},"modified":"2025-02-19T11:38:43","modified_gmt":"2025-02-19T10:38:43","slug":"palier-cinematique-gauche-reference-500-106-203","status":"publish","type":"product","link":"https:\/\/www.sams-industrie.fr\/en\/product\/palier-cinematique-gauche-reference-500-106-203\/","title":{"rendered":"Left kinematic bearing<br> Reference 500-106-203"},"content":{"rendered":"","protected":false},"excerpt":{"rendered":"<p>RAPIDEX RAPIDLINE 16<br \/> R\u00e9f\u00e9rence constructeur : 500-106-203<br \/> R\u00e9f\u00e9rences \u00e9quivalentes : 500106203 \/ M500106203 \/ RAP500106203<\/p>","protected":false},"featured_media":0,"comment_status":"open","ping_status":"closed","template":"","meta":[],"_links":{"self":[{"href":"https:\/\/www.sams-industrie.fr\/en\/wp-json\/wp\/v2\/product\/8660"}],"collection":[{"href":"https:\/\/www.sams-industrie.fr\/en\/wp-json\/wp\/v2\/product"}],"about":[{"href":"https:\/\/www.sams-industrie.fr\/en\/wp-json\/wp\/v2\/types\/product"}],"replies":[{"embeddable":true,"href":"https:\/\/www.sams-industrie.fr\/en\/wp-json\/wp\/v2\/comments?post=8660"}],"wp:attachment":[{"href":"https:\/\/www.sams-industrie.fr\/en\/wp-json\/wp\/v2\/media?parent=8660"}],"curies":[{"name":"wp","href":"https:\/\/api.w.org\/{rel}","templated":true}]}}