{"id":8658,"date":"2025-01-24T09:30:04","date_gmt":"2025-01-24T08:30:04","guid":{"rendered":"https:\/\/www.sams-industrie.fr\/product\/poulie-cinematique-gauche-reference-500-106-201\/"},"modified":"2025-02-19T11:38:42","modified_gmt":"2025-02-19T10:38:42","slug":"poulie-cinematique-gauche-reference-500-106-201","status":"publish","type":"product","link":"https:\/\/www.sams-industrie.fr\/en\/product\/poulie-cinematique-gauche-reference-500-106-201\/","title":{"rendered":"Left kinematic pulley<br> Reference 500-106-201"},"content":{"rendered":"","protected":false},"excerpt":{"rendered":"<p>RAPIDEX RAPIDLINE 16<br \/> R\u00e9f\u00e9rence constructeur : 500-106-201<br \/> R\u00e9f\u00e9rences \u00e9quivalentes : 500106201 \/ M500106201 \/ RAP500106201<\/p>","protected":false},"featured_media":0,"comment_status":"open","ping_status":"closed","template":"","meta":[],"_links":{"self":[{"href":"https:\/\/www.sams-industrie.fr\/en\/wp-json\/wp\/v2\/product\/8658"}],"collection":[{"href":"https:\/\/www.sams-industrie.fr\/en\/wp-json\/wp\/v2\/product"}],"about":[{"href":"https:\/\/www.sams-industrie.fr\/en\/wp-json\/wp\/v2\/types\/product"}],"replies":[{"embeddable":true,"href":"https:\/\/www.sams-industrie.fr\/en\/wp-json\/wp\/v2\/comments?post=8658"}],"wp:attachment":[{"href":"https:\/\/www.sams-industrie.fr\/en\/wp-json\/wp\/v2\/media?parent=8658"}],"curies":[{"name":"wp","href":"https:\/\/api.w.org\/{rel}","templated":true}]}}