{"id":8657,"date":"2025-01-24T09:30:02","date_gmt":"2025-01-24T08:30:02","guid":{"rendered":"https:\/\/www.sams-industrie.fr\/product\/roue-motrice-reference-500-918-021\/"},"modified":"2025-02-19T13:47:56","modified_gmt":"2025-02-19T12:47:56","slug":"roue-motrice-reference-500-918-021","status":"publish","type":"product","link":"https:\/\/www.sams-industrie.fr\/en\/product\/roue-motrice-reference-500-918-021\/","title":{"rendered":"Drive wheel<br> Reference 500-918-021"},"content":{"rendered":"","protected":false},"excerpt":{"rendered":"<p>RAPIDEX RAPIDLINE 16<br \/>\nR\u00e9f\u00e9rence constructeur : 500-918-021<br \/>\nR\u00e9f\u00e9rences \u00e9quivalentes : 500918021 \/ M500918021 \/ RAP500918021<\/p>","protected":false},"featured_media":11232,"comment_status":"open","ping_status":"closed","template":"","meta":[],"_links":{"self":[{"href":"https:\/\/www.sams-industrie.fr\/en\/wp-json\/wp\/v2\/product\/8657"}],"collection":[{"href":"https:\/\/www.sams-industrie.fr\/en\/wp-json\/wp\/v2\/product"}],"about":[{"href":"https:\/\/www.sams-industrie.fr\/en\/wp-json\/wp\/v2\/types\/product"}],"replies":[{"embeddable":true,"href":"https:\/\/www.sams-industrie.fr\/en\/wp-json\/wp\/v2\/comments?post=8657"}],"wp:featuredmedia":[{"embeddable":true,"href":"https:\/\/www.sams-industrie.fr\/en\/wp-json\/wp\/v2\/media\/11232"}],"wp:attachment":[{"href":"https:\/\/www.sams-industrie.fr\/en\/wp-json\/wp\/v2\/media?parent=8657"}],"curies":[{"name":"wp","href":"https:\/\/api.w.org\/{rel}","templated":true}]}}