{"id":8656,"date":"2025-01-24T09:30:01","date_gmt":"2025-01-24T08:30:01","guid":{"rendered":"https:\/\/www.sams-industrie.fr\/product\/roue-motrice-reference-500-918-013\/"},"modified":"2025-02-19T13:46:38","modified_gmt":"2025-02-19T12:46:38","slug":"roue-motrice-reference-500-918-013","status":"publish","type":"product","link":"https:\/\/www.sams-industrie.fr\/en\/product\/roue-motrice-reference-500-918-013\/","title":{"rendered":"Drive wheel<br> Reference 500-918-013"},"content":{"rendered":"","protected":false},"excerpt":{"rendered":"<p>RAPIDEX RAPIDLINE 16<br \/>\nR\u00e9f\u00e9rence constructeur : 500-918-013<br \/>\nR\u00e9f\u00e9rences \u00e9quivalentes : 500918013 \/ M500918013 \/ RAP500918013<\/p>","protected":false},"featured_media":11231,"comment_status":"open","ping_status":"closed","template":"","meta":[],"_links":{"self":[{"href":"https:\/\/www.sams-industrie.fr\/en\/wp-json\/wp\/v2\/product\/8656"}],"collection":[{"href":"https:\/\/www.sams-industrie.fr\/en\/wp-json\/wp\/v2\/product"}],"about":[{"href":"https:\/\/www.sams-industrie.fr\/en\/wp-json\/wp\/v2\/types\/product"}],"replies":[{"embeddable":true,"href":"https:\/\/www.sams-industrie.fr\/en\/wp-json\/wp\/v2\/comments?post=8656"}],"wp:featuredmedia":[{"embeddable":true,"href":"https:\/\/www.sams-industrie.fr\/en\/wp-json\/wp\/v2\/media\/11231"}],"wp:attachment":[{"href":"https:\/\/www.sams-industrie.fr\/en\/wp-json\/wp\/v2\/media?parent=8656"}],"curies":[{"name":"wp","href":"https:\/\/api.w.org\/{rel}","templated":true}]}}