{"id":8651,"date":"2025-01-24T09:29:59","date_gmt":"2025-01-24T08:29:59","guid":{"rendered":"https:\/\/www.sams-industrie.fr\/product\/pignon-cinematique-reference-500-903-018\/"},"modified":"2025-02-19T11:38:35","modified_gmt":"2025-02-19T10:38:35","slug":"pignon-cinematique-reference-500-903-018","status":"publish","type":"product","link":"https:\/\/www.sams-industrie.fr\/en\/product\/pignon-cinematique-reference-500-903-018\/","title":{"rendered":"Kinematic pinion<br> Reference 500-903-018"},"content":{"rendered":"","protected":false},"excerpt":{"rendered":"<p>RAPIDEX RAPIDLINE 16<br \/> R\u00e9f\u00e9rence constructeur : 500-903-018<br \/> R\u00e9f\u00e9rences \u00e9quivalentes : 500903018 \/ M500903018 \/ RAP500903018<\/p>","protected":false},"featured_media":0,"comment_status":"open","ping_status":"closed","template":"","meta":[],"_links":{"self":[{"href":"https:\/\/www.sams-industrie.fr\/en\/wp-json\/wp\/v2\/product\/8651"}],"collection":[{"href":"https:\/\/www.sams-industrie.fr\/en\/wp-json\/wp\/v2\/product"}],"about":[{"href":"https:\/\/www.sams-industrie.fr\/en\/wp-json\/wp\/v2\/types\/product"}],"replies":[{"embeddable":true,"href":"https:\/\/www.sams-industrie.fr\/en\/wp-json\/wp\/v2\/comments?post=8651"}],"wp:attachment":[{"href":"https:\/\/www.sams-industrie.fr\/en\/wp-json\/wp\/v2\/media?parent=8651"}],"curies":[{"name":"wp","href":"https:\/\/api.w.org\/{rel}","templated":true}]}}