{"id":8647,"date":"2025-01-24T09:29:56","date_gmt":"2025-01-24T08:29:56","guid":{"rendered":"https:\/\/www.sams-industrie.fr\/product\/entraineur-bi-matiere-reference-500-903-110-lf\/"},"modified":"2025-02-19T11:38:33","modified_gmt":"2025-02-19T10:38:33","slug":"entraineur-bi-matiere-reference-500-903-110-lf","status":"publish","type":"product","link":"https:\/\/www.sams-industrie.fr\/en\/product\/entraineur-bi-matiere-reference-500-903-110-lf\/","title":{"rendered":"Bi-material trainer<br> Reference 500-903-110 LF"},"content":{"rendered":"","protected":false},"excerpt":{"rendered":"<p>RAPIDEX RAPIDLINE 16<br \/> R\u00e9f\u00e9rence constructeur : 500-903-110 LF<br \/> R\u00e9f\u00e9rences \u00e9quivalentes : 500903110LF \/ M500903110LF \/ RAP500903110LF<\/p>","protected":false},"featured_media":0,"comment_status":"open","ping_status":"closed","template":"","meta":[],"_links":{"self":[{"href":"https:\/\/www.sams-industrie.fr\/en\/wp-json\/wp\/v2\/product\/8647"}],"collection":[{"href":"https:\/\/www.sams-industrie.fr\/en\/wp-json\/wp\/v2\/product"}],"about":[{"href":"https:\/\/www.sams-industrie.fr\/en\/wp-json\/wp\/v2\/types\/product"}],"replies":[{"embeddable":true,"href":"https:\/\/www.sams-industrie.fr\/en\/wp-json\/wp\/v2\/comments?post=8647"}],"wp:attachment":[{"href":"https:\/\/www.sams-industrie.fr\/en\/wp-json\/wp\/v2\/media?parent=8647"}],"curies":[{"name":"wp","href":"https:\/\/api.w.org\/{rel}","templated":true}]}}