{"id":8644,"date":"2025-01-24T09:29:52","date_gmt":"2025-01-24T08:29:52","guid":{"rendered":"https:\/\/www.sams-industrie.fr\/product\/entraineur-bi-matiere-reference-500-902-010-le\/"},"modified":"2025-02-19T11:38:31","modified_gmt":"2025-02-19T10:38:31","slug":"entraineur-bi-matiere-reference-500-902-010-le","status":"publish","type":"product","link":"https:\/\/www.sams-industrie.fr\/en\/product\/entraineur-bi-matiere-reference-500-902-010-le\/","title":{"rendered":"Bi-material trainer<br> Reference 500-902-010 LE"},"content":{"rendered":"","protected":false},"excerpt":{"rendered":"<p>RAPIDEX RAPIDLINE 16<br \/> R\u00e9f\u00e9rence constructeur : 500-902-010 LE<br \/> R\u00e9f\u00e9rences \u00e9quivalentes : 500902010LE \/ M500902010LE \/ RAP500902010LE<\/p>","protected":false},"featured_media":0,"comment_status":"open","ping_status":"closed","template":"","meta":[],"_links":{"self":[{"href":"https:\/\/www.sams-industrie.fr\/en\/wp-json\/wp\/v2\/product\/8644"}],"collection":[{"href":"https:\/\/www.sams-industrie.fr\/en\/wp-json\/wp\/v2\/product"}],"about":[{"href":"https:\/\/www.sams-industrie.fr\/en\/wp-json\/wp\/v2\/types\/product"}],"replies":[{"embeddable":true,"href":"https:\/\/www.sams-industrie.fr\/en\/wp-json\/wp\/v2\/comments?post=8644"}],"wp:attachment":[{"href":"https:\/\/www.sams-industrie.fr\/en\/wp-json\/wp\/v2\/media?parent=8644"}],"curies":[{"name":"wp","href":"https:\/\/api.w.org\/{rel}","templated":true}]}}