{"id":8641,"date":"2025-01-24T09:29:50","date_gmt":"2025-01-24T08:29:50","guid":{"rendered":"https:\/\/www.sams-industrie.fr\/product\/embout-gauche-entraineur-reference-500-902-010-ag\/"},"modified":"2025-09-11T14:07:35","modified_gmt":"2025-09-11T12:07:35","slug":"embout-gauche-entraineur-reference-500-902-010-ag","status":"publish","type":"product","link":"https:\/\/www.sams-industrie.fr\/en\/product\/embout-gauche-entraineur-reference-500-902-010-ag\/","title":{"rendered":"Left driver tip<br> Reference 500-902-010 AG"},"content":{"rendered":"","protected":false},"excerpt":{"rendered":"<p>RAPIDEX RAPIDLINE 16<br \/>\nR\u00e9f\u00e9rence constructeur : 500-902-010 AG<br \/>\nR\u00e9f\u00e9rences \u00e9quivalentes : 500902010AG \/ M500902010AG \/ RAP500902010AG<\/p>","protected":false},"featured_media":11473,"comment_status":"open","ping_status":"closed","template":"","meta":[],"_links":{"self":[{"href":"https:\/\/www.sams-industrie.fr\/en\/wp-json\/wp\/v2\/product\/8641"}],"collection":[{"href":"https:\/\/www.sams-industrie.fr\/en\/wp-json\/wp\/v2\/product"}],"about":[{"href":"https:\/\/www.sams-industrie.fr\/en\/wp-json\/wp\/v2\/types\/product"}],"replies":[{"embeddable":true,"href":"https:\/\/www.sams-industrie.fr\/en\/wp-json\/wp\/v2\/comments?post=8641"}],"wp:featuredmedia":[{"embeddable":true,"href":"https:\/\/www.sams-industrie.fr\/en\/wp-json\/wp\/v2\/media\/11473"}],"wp:attachment":[{"href":"https:\/\/www.sams-industrie.fr\/en\/wp-json\/wp\/v2\/media?parent=8641"}],"curies":[{"name":"wp","href":"https:\/\/api.w.org\/{rel}","templated":true}]}}