{"id":8639,"date":"2025-01-24T09:29:49","date_gmt":"2025-01-24T08:29:49","guid":{"rendered":"https:\/\/www.sams-industrie.fr\/product\/patin-de-butees-reference-500-911-022\/"},"modified":"2025-02-19T11:38:26","modified_gmt":"2025-02-19T10:38:26","slug":"patin-de-butees-reference-500-911-022","status":"publish","type":"product","link":"https:\/\/www.sams-industrie.fr\/en\/product\/patin-de-butees-reference-500-911-022\/","title":{"rendered":"Stop pad<br> Reference 500-911-022"},"content":{"rendered":"","protected":false},"excerpt":{"rendered":"<p>RAPIDEX RAPIDLINE 16<br \/> R\u00e9f\u00e9rence constructeur : 500-911-022<br \/> R\u00e9f\u00e9rences \u00e9quivalentes : 500911022 \/ M500911022 \/ RAP500911022<\/p>","protected":false},"featured_media":0,"comment_status":"open","ping_status":"closed","template":"","meta":[],"_links":{"self":[{"href":"https:\/\/www.sams-industrie.fr\/en\/wp-json\/wp\/v2\/product\/8639"}],"collection":[{"href":"https:\/\/www.sams-industrie.fr\/en\/wp-json\/wp\/v2\/product"}],"about":[{"href":"https:\/\/www.sams-industrie.fr\/en\/wp-json\/wp\/v2\/types\/product"}],"replies":[{"embeddable":true,"href":"https:\/\/www.sams-industrie.fr\/en\/wp-json\/wp\/v2\/comments?post=8639"}],"wp:attachment":[{"href":"https:\/\/www.sams-industrie.fr\/en\/wp-json\/wp\/v2\/media?parent=8639"}],"curies":[{"name":"wp","href":"https:\/\/api.w.org\/{rel}","templated":true}]}}