{"id":8638,"date":"2025-01-24T09:29:48","date_gmt":"2025-01-24T08:29:48","guid":{"rendered":"https:\/\/www.sams-industrie.fr\/product\/entraineur-molete-reference-500-901-010-lf\/"},"modified":"2025-02-19T11:38:26","modified_gmt":"2025-02-19T10:38:26","slug":"entraineur-molete-reference-500-901-010-lf","status":"publish","type":"product","link":"https:\/\/www.sams-industrie.fr\/en\/product\/entraineur-molete-reference-500-901-010-lf\/","title":{"rendered":"Knurled trainer<br> Reference 500-901-010 LF"},"content":{"rendered":"","protected":false},"excerpt":{"rendered":"<p>RAPIDEX RAPIDLINE 16<br \/> R\u00e9f\u00e9rence constructeur : 500-901-010 LF<br \/> R\u00e9f\u00e9rences \u00e9quivalentes : 500901010LF \/ M500901010LF \/ RAP500901010LF<\/p>","protected":false},"featured_media":0,"comment_status":"open","ping_status":"closed","template":"","meta":[],"_links":{"self":[{"href":"https:\/\/www.sams-industrie.fr\/en\/wp-json\/wp\/v2\/product\/8638"}],"collection":[{"href":"https:\/\/www.sams-industrie.fr\/en\/wp-json\/wp\/v2\/product"}],"about":[{"href":"https:\/\/www.sams-industrie.fr\/en\/wp-json\/wp\/v2\/types\/product"}],"replies":[{"embeddable":true,"href":"https:\/\/www.sams-industrie.fr\/en\/wp-json\/wp\/v2\/comments?post=8638"}],"wp:attachment":[{"href":"https:\/\/www.sams-industrie.fr\/en\/wp-json\/wp\/v2\/media?parent=8638"}],"curies":[{"name":"wp","href":"https:\/\/api.w.org\/{rel}","templated":true}]}}