{"id":8634,"date":"2025-01-24T09:29:46","date_gmt":"2025-01-24T08:29:46","guid":{"rendered":"https:\/\/www.sams-industrie.fr\/product\/rondelle-pignon-tendeur-reference-500-914-018\/"},"modified":"2025-02-19T11:38:23","modified_gmt":"2025-02-19T10:38:23","slug":"rondelle-pignon-tendeur-reference-500-914-018","status":"publish","type":"product","link":"https:\/\/www.sams-industrie.fr\/en\/product\/rondelle-pignon-tendeur-reference-500-914-018\/","title":{"rendered":"Tensioner pinion washer<br> Reference 500-914-018"},"content":{"rendered":"","protected":false},"excerpt":{"rendered":"<p>RAPIDEX RAPIDLINE 16<br \/> R\u00e9f\u00e9rence constructeur : 500-914-018<br \/> R\u00e9f\u00e9rences \u00e9quivalentes : 500914018 \/ M500914018 \/ RAP500914018<\/p>","protected":false},"featured_media":0,"comment_status":"open","ping_status":"closed","template":"","meta":[],"_links":{"self":[{"href":"https:\/\/www.sams-industrie.fr\/en\/wp-json\/wp\/v2\/product\/8634"}],"collection":[{"href":"https:\/\/www.sams-industrie.fr\/en\/wp-json\/wp\/v2\/product"}],"about":[{"href":"https:\/\/www.sams-industrie.fr\/en\/wp-json\/wp\/v2\/types\/product"}],"replies":[{"embeddable":true,"href":"https:\/\/www.sams-industrie.fr\/en\/wp-json\/wp\/v2\/comments?post=8634"}],"wp:attachment":[{"href":"https:\/\/www.sams-industrie.fr\/en\/wp-json\/wp\/v2\/media?parent=8634"}],"curies":[{"name":"wp","href":"https:\/\/api.w.org\/{rel}","templated":true}]}}