{"id":8632,"date":"2025-01-24T09:29:45","date_gmt":"2025-01-24T08:29:45","guid":{"rendered":"https:\/\/www.sams-industrie.fr\/product\/axe-pignon-tendeur-reference-500-914-017\/"},"modified":"2025-02-19T11:38:22","modified_gmt":"2025-02-19T10:38:22","slug":"axe-pignon-tendeur-reference-500-914-017","status":"publish","type":"product","link":"https:\/\/www.sams-industrie.fr\/en\/product\/axe-pignon-tendeur-reference-500-914-017\/","title":{"rendered":"Tensioner pinion axle<br> Reference 500-914-017"},"content":{"rendered":"","protected":false},"excerpt":{"rendered":"<p>RAPIDEX RAPIDLINE 16<br \/> R\u00e9f\u00e9rence constructeur : 500-914-017<br \/> R\u00e9f\u00e9rences \u00e9quivalentes : 500914017 \/ M500914017 \/ RAP500914017<\/p>","protected":false},"featured_media":0,"comment_status":"open","ping_status":"closed","template":"","meta":[],"_links":{"self":[{"href":"https:\/\/www.sams-industrie.fr\/en\/wp-json\/wp\/v2\/product\/8632"}],"collection":[{"href":"https:\/\/www.sams-industrie.fr\/en\/wp-json\/wp\/v2\/product"}],"about":[{"href":"https:\/\/www.sams-industrie.fr\/en\/wp-json\/wp\/v2\/types\/product"}],"replies":[{"embeddable":true,"href":"https:\/\/www.sams-industrie.fr\/en\/wp-json\/wp\/v2\/comments?post=8632"}],"wp:attachment":[{"href":"https:\/\/www.sams-industrie.fr\/en\/wp-json\/wp\/v2\/media?parent=8632"}],"curies":[{"name":"wp","href":"https:\/\/api.w.org\/{rel}","templated":true}]}}