{"id":8631,"date":"2025-01-24T09:29:44","date_gmt":"2025-01-24T08:29:44","guid":{"rendered":"https:\/\/www.sams-industrie.fr\/product\/pignon-tendeur-cinematique-gauche-reference-500-914-019\/"},"modified":"2025-02-19T11:38:21","modified_gmt":"2025-02-19T10:38:21","slug":"pignon-tendeur-cinematique-gauche-reference-500-914-019","status":"publish","type":"product","link":"https:\/\/www.sams-industrie.fr\/en\/product\/pignon-tendeur-cinematique-gauche-reference-500-914-019\/","title":{"rendered":"Left kinematic tensioner pinion<br> Reference 500-914-019"},"content":{"rendered":"","protected":false},"excerpt":{"rendered":"<p>RAPIDEX RAPIDLINE 16<br \/> R\u00e9f\u00e9rence constructeur : 500-914-019<br \/> R\u00e9f\u00e9rences \u00e9quivalentes : 500914019 \/ M500914019 \/ RAP500914019<\/p>","protected":false},"featured_media":9167,"comment_status":"open","ping_status":"closed","template":"","meta":[],"_links":{"self":[{"href":"https:\/\/www.sams-industrie.fr\/en\/wp-json\/wp\/v2\/product\/8631"}],"collection":[{"href":"https:\/\/www.sams-industrie.fr\/en\/wp-json\/wp\/v2\/product"}],"about":[{"href":"https:\/\/www.sams-industrie.fr\/en\/wp-json\/wp\/v2\/types\/product"}],"replies":[{"embeddable":true,"href":"https:\/\/www.sams-industrie.fr\/en\/wp-json\/wp\/v2\/comments?post=8631"}],"wp:featuredmedia":[{"embeddable":true,"href":"https:\/\/www.sams-industrie.fr\/en\/wp-json\/wp\/v2\/media\/9167"}],"wp:attachment":[{"href":"https:\/\/www.sams-industrie.fr\/en\/wp-json\/wp\/v2\/media?parent=8631"}],"curies":[{"name":"wp","href":"https:\/\/api.w.org\/{rel}","templated":true}]}}