{"id":8630,"date":"2025-01-24T09:29:43","date_gmt":"2025-01-24T08:29:43","guid":{"rendered":"https:\/\/www.sams-industrie.fr\/product\/cadran-sun-reference-500-907-043\/"},"modified":"2025-02-19T11:38:20","modified_gmt":"2025-02-19T10:38:20","slug":"cadran-sun-reference-500-907-043","status":"publish","type":"product","link":"https:\/\/www.sams-industrie.fr\/en\/product\/cadran-sun-reference-500-907-043\/","title":{"rendered":"SUN dial<br> Reference 500-907-043"},"content":{"rendered":"","protected":false},"excerpt":{"rendered":"<p>RAPIDEX RAPIDLINE 16<br \/> R\u00e9f\u00e9rence constructeur : 500-907-043<br \/> R\u00e9f\u00e9rences \u00e9quivalentes : 500907043 \/ M500907043 \/ RAP500907043<\/p>","protected":false},"featured_media":0,"comment_status":"open","ping_status":"closed","template":"","meta":[],"_links":{"self":[{"href":"https:\/\/www.sams-industrie.fr\/en\/wp-json\/wp\/v2\/product\/8630"}],"collection":[{"href":"https:\/\/www.sams-industrie.fr\/en\/wp-json\/wp\/v2\/product"}],"about":[{"href":"https:\/\/www.sams-industrie.fr\/en\/wp-json\/wp\/v2\/types\/product"}],"replies":[{"embeddable":true,"href":"https:\/\/www.sams-industrie.fr\/en\/wp-json\/wp\/v2\/comments?post=8630"}],"wp:attachment":[{"href":"https:\/\/www.sams-industrie.fr\/en\/wp-json\/wp\/v2\/media?parent=8630"}],"curies":[{"name":"wp","href":"https:\/\/api.w.org\/{rel}","templated":true}]}}