{"id":8628,"date":"2025-01-24T09:29:42","date_gmt":"2025-01-24T08:29:42","guid":{"rendered":"https:\/\/www.sams-industrie.fr\/product\/levier-bielle-gauche-reference-500-902-012\/"},"modified":"2025-09-11T14:02:16","modified_gmt":"2025-09-11T12:02:16","slug":"levier-bielle-gauche-reference-500-902-012","status":"publish","type":"product","link":"https:\/\/www.sams-industrie.fr\/en\/product\/levier-bielle-gauche-reference-500-902-012\/","title":{"rendered":"Left connecting rod lever<br> Reference 500-902-012"},"content":{"rendered":"","protected":false},"excerpt":{"rendered":"<p>RAPIDEX RAPIDLINE 16<br \/>\nR\u00e9f\u00e9rence constructeur : 500-902-012<br \/>\nR\u00e9f\u00e9rences \u00e9quivalentes : 500902012 \/ M500902012 \/ RAP500902012<\/p>","protected":false},"featured_media":11468,"comment_status":"open","ping_status":"closed","template":"","meta":[],"_links":{"self":[{"href":"https:\/\/www.sams-industrie.fr\/en\/wp-json\/wp\/v2\/product\/8628"}],"collection":[{"href":"https:\/\/www.sams-industrie.fr\/en\/wp-json\/wp\/v2\/product"}],"about":[{"href":"https:\/\/www.sams-industrie.fr\/en\/wp-json\/wp\/v2\/types\/product"}],"replies":[{"embeddable":true,"href":"https:\/\/www.sams-industrie.fr\/en\/wp-json\/wp\/v2\/comments?post=8628"}],"wp:featuredmedia":[{"embeddable":true,"href":"https:\/\/www.sams-industrie.fr\/en\/wp-json\/wp\/v2\/media\/11468"}],"wp:attachment":[{"href":"https:\/\/www.sams-industrie.fr\/en\/wp-json\/wp\/v2\/media?parent=8628"}],"curies":[{"name":"wp","href":"https:\/\/api.w.org\/{rel}","templated":true}]}}