{"id":8626,"date":"2025-01-24T09:29:41","date_gmt":"2025-01-24T08:29:41","guid":{"rendered":"https:\/\/www.sams-industrie.fr\/product\/support-arbre-de-commande-reference-500-903-038\/"},"modified":"2025-02-19T11:38:16","modified_gmt":"2025-02-19T10:38:16","slug":"support-arbre-de-commande-reference-500-903-038","status":"publish","type":"product","link":"https:\/\/www.sams-industrie.fr\/en\/product\/support-arbre-de-commande-reference-500-903-038\/","title":{"rendered":"Drive shaft support<br> Reference 500-903-038"},"content":{"rendered":"","protected":false},"excerpt":{"rendered":"<p>RAPIDEX RAPIDLINE 16<br \/> R\u00e9f\u00e9rence constructeur : 500-903-038<br \/> R\u00e9f\u00e9rences \u00e9quivalentes : 500903038 \/ M500903038 \/ RAP500903038<\/p>","protected":false},"featured_media":0,"comment_status":"open","ping_status":"closed","template":"","meta":[],"_links":{"self":[{"href":"https:\/\/www.sams-industrie.fr\/en\/wp-json\/wp\/v2\/product\/8626"}],"collection":[{"href":"https:\/\/www.sams-industrie.fr\/en\/wp-json\/wp\/v2\/product"}],"about":[{"href":"https:\/\/www.sams-industrie.fr\/en\/wp-json\/wp\/v2\/types\/product"}],"replies":[{"embeddable":true,"href":"https:\/\/www.sams-industrie.fr\/en\/wp-json\/wp\/v2\/comments?post=8626"}],"wp:attachment":[{"href":"https:\/\/www.sams-industrie.fr\/en\/wp-json\/wp\/v2\/media?parent=8626"}],"curies":[{"name":"wp","href":"https:\/\/api.w.org\/{rel}","templated":true}]}}