{"id":8624,"date":"2025-01-24T09:29:40","date_gmt":"2025-01-24T08:29:40","guid":{"rendered":"https:\/\/www.sams-industrie.fr\/product\/amortisseur-reference-400-600-147\/"},"modified":"2025-02-19T11:38:15","modified_gmt":"2025-02-19T10:38:15","slug":"amortisseur-reference-400-600-147","status":"publish","type":"product","link":"https:\/\/www.sams-industrie.fr\/en\/product\/amortisseur-reference-400-600-147\/","title":{"rendered":"Shock absorber<br> Reference 400-600-147"},"content":{"rendered":"","protected":false},"excerpt":{"rendered":"<p>RAPIDEX RAPIDLINE 13 \u2013 RTA15<br \/> R\u00e9f\u00e9rence constructeur : 400-600-147<br \/> R\u00e9f\u00e9rences \u00e9quivalentes : 400600147 \/ M400600147 \/ RAP400600147<\/p>","protected":false},"featured_media":9166,"comment_status":"open","ping_status":"closed","template":"","meta":[],"_links":{"self":[{"href":"https:\/\/www.sams-industrie.fr\/en\/wp-json\/wp\/v2\/product\/8624"}],"collection":[{"href":"https:\/\/www.sams-industrie.fr\/en\/wp-json\/wp\/v2\/product"}],"about":[{"href":"https:\/\/www.sams-industrie.fr\/en\/wp-json\/wp\/v2\/types\/product"}],"replies":[{"embeddable":true,"href":"https:\/\/www.sams-industrie.fr\/en\/wp-json\/wp\/v2\/comments?post=8624"}],"wp:featuredmedia":[{"embeddable":true,"href":"https:\/\/www.sams-industrie.fr\/en\/wp-json\/wp\/v2\/media\/9166"}],"wp:attachment":[{"href":"https:\/\/www.sams-industrie.fr\/en\/wp-json\/wp\/v2\/media?parent=8624"}],"curies":[{"name":"wp","href":"https:\/\/api.w.org\/{rel}","templated":true}]}}