{"id":8622,"date":"2025-01-24T09:29:39","date_gmt":"2025-01-24T08:29:39","guid":{"rendered":"https:\/\/www.sams-industrie.fr\/product\/contrepartie-refoulage-reference-700-304-105\/"},"modified":"2025-04-17T15:56:02","modified_gmt":"2025-04-17T13:56:02","slug":"contrepartie-refoulage-reference-700-304-105","status":"publish","type":"product","link":"https:\/\/www.sams-industrie.fr\/en\/product\/contrepartie-refoulage-reference-700-304-105\/","title":{"rendered":"Counterpart refoulement<br> Reference 700-304-105"},"content":{"rendered":"","protected":false},"excerpt":{"rendered":"<p>RAPIDEX RAPIDLINE 13<br \/>\nR\u00e9f\u00e9rence constructeur : 700-304-105<br \/>\nR\u00e9f\u00e9rences \u00e9quivalentes : 700304105 \/ M700304105 \/ RAP700304105<\/p>","protected":false},"featured_media":11323,"comment_status":"open","ping_status":"closed","template":"","meta":[],"_links":{"self":[{"href":"https:\/\/www.sams-industrie.fr\/en\/wp-json\/wp\/v2\/product\/8622"}],"collection":[{"href":"https:\/\/www.sams-industrie.fr\/en\/wp-json\/wp\/v2\/product"}],"about":[{"href":"https:\/\/www.sams-industrie.fr\/en\/wp-json\/wp\/v2\/types\/product"}],"replies":[{"embeddable":true,"href":"https:\/\/www.sams-industrie.fr\/en\/wp-json\/wp\/v2\/comments?post=8622"}],"wp:featuredmedia":[{"embeddable":true,"href":"https:\/\/www.sams-industrie.fr\/en\/wp-json\/wp\/v2\/media\/11323"}],"wp:attachment":[{"href":"https:\/\/www.sams-industrie.fr\/en\/wp-json\/wp\/v2\/media?parent=8622"}],"curies":[{"name":"wp","href":"https:\/\/api.w.org\/{rel}","templated":true}]}}