{"id":8621,"date":"2025-01-24T09:29:38","date_gmt":"2025-01-24T08:29:38","guid":{"rendered":"https:\/\/www.sams-industrie.fr\/product\/galet-de-renvoi-reference-710-004-021\/"},"modified":"2025-02-19T11:38:12","modified_gmt":"2025-02-19T10:38:12","slug":"galet-de-renvoi-reference-710-004-021","status":"publish","type":"product","link":"https:\/\/www.sams-industrie.fr\/en\/product\/galet-de-renvoi-reference-710-004-021\/","title":{"rendered":"Idler roller<br> Reference 710-004-021"},"content":{"rendered":"","protected":false},"excerpt":{"rendered":"<p>RAPIDEX RAPIDLINE 13<br \/> R\u00e9f\u00e9rence constructeur : 710-004-021<br \/> R\u00e9f\u00e9rences \u00e9quivalentes : 710004021 \/ M710004021 \/ RAP710004021<\/p>","protected":false},"featured_media":9165,"comment_status":"open","ping_status":"closed","template":"","meta":[],"_links":{"self":[{"href":"https:\/\/www.sams-industrie.fr\/en\/wp-json\/wp\/v2\/product\/8621"}],"collection":[{"href":"https:\/\/www.sams-industrie.fr\/en\/wp-json\/wp\/v2\/product"}],"about":[{"href":"https:\/\/www.sams-industrie.fr\/en\/wp-json\/wp\/v2\/types\/product"}],"replies":[{"embeddable":true,"href":"https:\/\/www.sams-industrie.fr\/en\/wp-json\/wp\/v2\/comments?post=8621"}],"wp:featuredmedia":[{"embeddable":true,"href":"https:\/\/www.sams-industrie.fr\/en\/wp-json\/wp\/v2\/media\/9165"}],"wp:attachment":[{"href":"https:\/\/www.sams-industrie.fr\/en\/wp-json\/wp\/v2\/media?parent=8621"}],"curies":[{"name":"wp","href":"https:\/\/api.w.org\/{rel}","templated":true}]}}