{"id":8619,"date":"2025-01-24T09:29:37","date_gmt":"2025-01-24T08:29:37","guid":{"rendered":"https:\/\/www.sams-industrie.fr\/product\/regarnissage-galets-revetus-de-sortie-reference-705-006-035-r\/"},"modified":"2025-02-19T11:38:11","modified_gmt":"2025-02-19T10:38:11","slug":"regarnissage-galets-revetus-de-sortie-reference-705-006-035-r","status":"publish","type":"product","link":"https:\/\/www.sams-industrie.fr\/en\/product\/regarnissage-galets-revetus-de-sortie-reference-705-006-035-r\/","title":{"rendered":"Re-lining of output coated rollers<br> Reference 705-006-035 R"},"content":{"rendered":"","protected":false},"excerpt":{"rendered":"<p>RAPIDEX RAPIDLINE 13<br \/> R\u00e9f\u00e9rence constructeur : 705-006-035 R<br \/> R\u00e9f\u00e9rences \u00e9quivalentes : 705006035R \/ M705006035R \/ RAP705006035R<\/p>","protected":false},"featured_media":0,"comment_status":"open","ping_status":"closed","template":"","meta":[],"_links":{"self":[{"href":"https:\/\/www.sams-industrie.fr\/en\/wp-json\/wp\/v2\/product\/8619"}],"collection":[{"href":"https:\/\/www.sams-industrie.fr\/en\/wp-json\/wp\/v2\/product"}],"about":[{"href":"https:\/\/www.sams-industrie.fr\/en\/wp-json\/wp\/v2\/types\/product"}],"replies":[{"embeddable":true,"href":"https:\/\/www.sams-industrie.fr\/en\/wp-json\/wp\/v2\/comments?post=8619"}],"wp:attachment":[{"href":"https:\/\/www.sams-industrie.fr\/en\/wp-json\/wp\/v2\/media?parent=8619"}],"curies":[{"name":"wp","href":"https:\/\/api.w.org\/{rel}","templated":true}]}}