{"id":8618,"date":"2025-01-24T09:29:36","date_gmt":"2025-01-24T08:29:36","guid":{"rendered":"https:\/\/www.sams-industrie.fr\/product\/galets-revetus-de-sortie-reference-705-006-035\/"},"modified":"2025-02-19T11:38:10","modified_gmt":"2025-02-19T10:38:10","slug":"galets-revetus-de-sortie-reference-705-006-035","status":"publish","type":"product","link":"https:\/\/www.sams-industrie.fr\/en\/product\/galets-revetus-de-sortie-reference-705-006-035\/","title":{"rendered":"Coated output rollers<br> Reference 705-006-035"},"content":{"rendered":"","protected":false},"excerpt":{"rendered":"<p>RAPIDEX RAPIDLINE 13<br \/> R\u00e9f\u00e9rence constructeur : 705-006-035<br \/> R\u00e9f\u00e9rences \u00e9quivalentes : 705006035 \/ M705006035 \/ RAP705006035<\/p>","protected":false},"featured_media":0,"comment_status":"open","ping_status":"closed","template":"","meta":[],"_links":{"self":[{"href":"https:\/\/www.sams-industrie.fr\/en\/wp-json\/wp\/v2\/product\/8618"}],"collection":[{"href":"https:\/\/www.sams-industrie.fr\/en\/wp-json\/wp\/v2\/product"}],"about":[{"href":"https:\/\/www.sams-industrie.fr\/en\/wp-json\/wp\/v2\/types\/product"}],"replies":[{"embeddable":true,"href":"https:\/\/www.sams-industrie.fr\/en\/wp-json\/wp\/v2\/comments?post=8618"}],"wp:attachment":[{"href":"https:\/\/www.sams-industrie.fr\/en\/wp-json\/wp\/v2\/media?parent=8618"}],"curies":[{"name":"wp","href":"https:\/\/api.w.org\/{rel}","templated":true}]}}