{"id":8616,"date":"2025-01-24T09:29:35","date_gmt":"2025-01-24T08:29:35","guid":{"rendered":"https:\/\/www.sams-industrie.fr\/product\/poulie-cinematique-reference-700-413-015\/"},"modified":"2025-02-19T11:38:09","modified_gmt":"2025-02-19T10:38:09","slug":"poulie-cinematique-reference-700-413-015","status":"publish","type":"product","link":"https:\/\/www.sams-industrie.fr\/en\/product\/poulie-cinematique-reference-700-413-015\/","title":{"rendered":"Kinematic pulley<br> Reference 700-413-015"},"content":{"rendered":"","protected":false},"excerpt":{"rendered":"<p>RAPIDEX RAPIDLINE 13<br \/> R\u00e9f\u00e9rence constructeur : 700-413-015<br \/> R\u00e9f\u00e9rences \u00e9quivalentes : 700413015 \/ M700413015 \/ RAP700413015<\/p>","protected":false},"featured_media":0,"comment_status":"open","ping_status":"closed","template":"","meta":[],"_links":{"self":[{"href":"https:\/\/www.sams-industrie.fr\/en\/wp-json\/wp\/v2\/product\/8616"}],"collection":[{"href":"https:\/\/www.sams-industrie.fr\/en\/wp-json\/wp\/v2\/product"}],"about":[{"href":"https:\/\/www.sams-industrie.fr\/en\/wp-json\/wp\/v2\/types\/product"}],"replies":[{"embeddable":true,"href":"https:\/\/www.sams-industrie.fr\/en\/wp-json\/wp\/v2\/comments?post=8616"}],"wp:attachment":[{"href":"https:\/\/www.sams-industrie.fr\/en\/wp-json\/wp\/v2\/media?parent=8616"}],"curies":[{"name":"wp","href":"https:\/\/api.w.org\/{rel}","templated":true}]}}