{"id":8614,"date":"2025-01-24T09:29:32","date_gmt":"2025-01-24T08:29:32","guid":{"rendered":"https:\/\/www.sams-industrie.fr\/product\/poulie-cinematique-reference-700-416-011\/"},"modified":"2025-02-19T11:38:08","modified_gmt":"2025-02-19T10:38:08","slug":"poulie-cinematique-reference-700-416-011","status":"publish","type":"product","link":"https:\/\/www.sams-industrie.fr\/en\/product\/poulie-cinematique-reference-700-416-011\/","title":{"rendered":"Kinematic pulley<br> Reference 700-416-011"},"content":{"rendered":"","protected":false},"excerpt":{"rendered":"<p>RAPIDEX RAPIDLINE 13<br \/> R\u00e9f\u00e9rence constructeur : 700-416-011<br \/> R\u00e9f\u00e9rences \u00e9quivalentes : 700416011 \/ M700416011 \/ RAP700416011<\/p>","protected":false},"featured_media":0,"comment_status":"open","ping_status":"closed","template":"","meta":[],"_links":{"self":[{"href":"https:\/\/www.sams-industrie.fr\/en\/wp-json\/wp\/v2\/product\/8614"}],"collection":[{"href":"https:\/\/www.sams-industrie.fr\/en\/wp-json\/wp\/v2\/product"}],"about":[{"href":"https:\/\/www.sams-industrie.fr\/en\/wp-json\/wp\/v2\/types\/product"}],"replies":[{"embeddable":true,"href":"https:\/\/www.sams-industrie.fr\/en\/wp-json\/wp\/v2\/comments?post=8614"}],"wp:attachment":[{"href":"https:\/\/www.sams-industrie.fr\/en\/wp-json\/wp\/v2\/media?parent=8614"}],"curies":[{"name":"wp","href":"https:\/\/api.w.org\/{rel}","templated":true}]}}