{"id":8613,"date":"2025-01-24T09:29:31","date_gmt":"2025-01-24T08:29:31","guid":{"rendered":"https:\/\/www.sams-industrie.fr\/product\/cylindre-porte-outils-reference-700-405-010-lc\/"},"modified":"2025-02-19T11:38:07","modified_gmt":"2025-02-19T10:38:07","slug":"cylindre-porte-outils-reference-700-405-010-lc","status":"publish","type":"product","link":"https:\/\/www.sams-industrie.fr\/en\/product\/cylindre-porte-outils-reference-700-405-010-lc\/","title":{"rendered":"Tool holder cylinder<br> Reference 700-405-010 LC"},"content":{"rendered":"","protected":false},"excerpt":{"rendered":"<p>RAPIDEX RAPIDLINE 13<br \/> R\u00e9f\u00e9rence constructeur : 700-405-010 LC<br \/> R\u00e9f\u00e9rences \u00e9quivalentes : 700405010LC \/ M700405010LC \/ RAP700405010LC<\/p>","protected":false},"featured_media":0,"comment_status":"open","ping_status":"closed","template":"","meta":[],"_links":{"self":[{"href":"https:\/\/www.sams-industrie.fr\/en\/wp-json\/wp\/v2\/product\/8613"}],"collection":[{"href":"https:\/\/www.sams-industrie.fr\/en\/wp-json\/wp\/v2\/product"}],"about":[{"href":"https:\/\/www.sams-industrie.fr\/en\/wp-json\/wp\/v2\/types\/product"}],"replies":[{"embeddable":true,"href":"https:\/\/www.sams-industrie.fr\/en\/wp-json\/wp\/v2\/comments?post=8613"}],"wp:attachment":[{"href":"https:\/\/www.sams-industrie.fr\/en\/wp-json\/wp\/v2\/media?parent=8613"}],"curies":[{"name":"wp","href":"https:\/\/api.w.org\/{rel}","templated":true}]}}