{"id":8612,"date":"2025-01-24T09:29:31","date_gmt":"2025-01-24T08:29:31","guid":{"rendered":"https:\/\/www.sams-industrie.fr\/product\/poulie-cylindre-porte-formes-reference-700-405-013\/"},"modified":"2025-02-19T11:38:06","modified_gmt":"2025-02-19T10:38:06","slug":"poulie-cylindre-porte-formes-reference-700-405-013","status":"publish","type":"product","link":"https:\/\/www.sams-industrie.fr\/en\/product\/poulie-cylindre-porte-formes-reference-700-405-013\/","title":{"rendered":"Cylinder pulley for form holders<br> Reference 700-405-013"},"content":{"rendered":"","protected":false},"excerpt":{"rendered":"<p>RAPIDEX RAPIDLINE 13<br \/> R\u00e9f\u00e9rence constructeur : 700-405-013<br \/> R\u00e9f\u00e9rences \u00e9quivalentes : 700405013 \/ M700405013 \/ RAP700405013<\/p>","protected":false},"featured_media":0,"comment_status":"open","ping_status":"closed","template":"","meta":[],"_links":{"self":[{"href":"https:\/\/www.sams-industrie.fr\/en\/wp-json\/wp\/v2\/product\/8612"}],"collection":[{"href":"https:\/\/www.sams-industrie.fr\/en\/wp-json\/wp\/v2\/product"}],"about":[{"href":"https:\/\/www.sams-industrie.fr\/en\/wp-json\/wp\/v2\/types\/product"}],"replies":[{"embeddable":true,"href":"https:\/\/www.sams-industrie.fr\/en\/wp-json\/wp\/v2\/comments?post=8612"}],"wp:attachment":[{"href":"https:\/\/www.sams-industrie.fr\/en\/wp-json\/wp\/v2\/media?parent=8612"}],"curies":[{"name":"wp","href":"https:\/\/api.w.org\/{rel}","templated":true}]}}