{"id":8611,"date":"2025-01-24T09:29:30","date_gmt":"2025-01-24T08:29:30","guid":{"rendered":"https:\/\/www.sams-industrie.fr\/product\/embout-gauche-monobloc-reference-700-405-012\/"},"modified":"2025-02-19T11:38:06","modified_gmt":"2025-02-19T10:38:06","slug":"embout-gauche-monobloc-reference-700-405-012","status":"publish","type":"product","link":"https:\/\/www.sams-industrie.fr\/en\/product\/embout-gauche-monobloc-reference-700-405-012\/","title":{"rendered":"One-piece left end cap<br> Reference 700-405-012"},"content":{"rendered":"","protected":false},"excerpt":{"rendered":"<p>RAPIDEX RAPIDLINE 13<br \/> R\u00e9f\u00e9rence constructeur : 700-405-012<br \/> R\u00e9f\u00e9rences \u00e9quivalentes : 700405012 \/ M700405012 \/ RAP700405012<\/p>","protected":false},"featured_media":0,"comment_status":"open","ping_status":"closed","template":"","meta":[],"_links":{"self":[{"href":"https:\/\/www.sams-industrie.fr\/en\/wp-json\/wp\/v2\/product\/8611"}],"collection":[{"href":"https:\/\/www.sams-industrie.fr\/en\/wp-json\/wp\/v2\/product"}],"about":[{"href":"https:\/\/www.sams-industrie.fr\/en\/wp-json\/wp\/v2\/types\/product"}],"replies":[{"embeddable":true,"href":"https:\/\/www.sams-industrie.fr\/en\/wp-json\/wp\/v2\/comments?post=8611"}],"wp:attachment":[{"href":"https:\/\/www.sams-industrie.fr\/en\/wp-json\/wp\/v2\/media?parent=8611"}],"curies":[{"name":"wp","href":"https:\/\/api.w.org\/{rel}","templated":true}]}}