{"id":8609,"date":"2025-01-24T09:29:29","date_gmt":"2025-01-24T08:29:29","guid":{"rendered":"https:\/\/www.sams-industrie.fr\/product\/embout-gauche-monobloc-reference-700-406-012\/"},"modified":"2025-04-17T15:54:58","modified_gmt":"2025-04-17T13:54:58","slug":"embout-gauche-monobloc-reference-700-406-012","status":"publish","type":"product","link":"https:\/\/www.sams-industrie.fr\/en\/product\/embout-gauche-monobloc-reference-700-406-012\/","title":{"rendered":"One-piece left end cap<br> Reference 700-406-012"},"content":{"rendered":"","protected":false},"excerpt":{"rendered":"<p>RAPIDEX RAPIDLINE 13<br \/>\nR\u00e9f\u00e9rence constructeur : 700-406-012<br \/>\nR\u00e9f\u00e9rences \u00e9quivalentes : 700406012 \/ M700406012 \/ RAP700406012<\/p>","protected":false},"featured_media":11322,"comment_status":"open","ping_status":"closed","template":"","meta":[],"_links":{"self":[{"href":"https:\/\/www.sams-industrie.fr\/en\/wp-json\/wp\/v2\/product\/8609"}],"collection":[{"href":"https:\/\/www.sams-industrie.fr\/en\/wp-json\/wp\/v2\/product"}],"about":[{"href":"https:\/\/www.sams-industrie.fr\/en\/wp-json\/wp\/v2\/types\/product"}],"replies":[{"embeddable":true,"href":"https:\/\/www.sams-industrie.fr\/en\/wp-json\/wp\/v2\/comments?post=8609"}],"wp:featuredmedia":[{"embeddable":true,"href":"https:\/\/www.sams-industrie.fr\/en\/wp-json\/wp\/v2\/media\/11322"}],"wp:attachment":[{"href":"https:\/\/www.sams-industrie.fr\/en\/wp-json\/wp\/v2\/media?parent=8609"}],"curies":[{"name":"wp","href":"https:\/\/api.w.org\/{rel}","templated":true}]}}