{"id":8608,"date":"2025-01-24T09:29:29","date_gmt":"2025-01-24T08:29:29","guid":{"rendered":"https:\/\/www.sams-industrie.fr\/product\/embout-droit-monobloc-reference-700-406-011\/"},"modified":"2025-02-19T11:38:03","modified_gmt":"2025-02-19T10:38:03","slug":"embout-droit-monobloc-reference-700-406-011","status":"publish","type":"product","link":"https:\/\/www.sams-industrie.fr\/en\/product\/embout-droit-monobloc-reference-700-406-011\/","title":{"rendered":"One-piece straight tip<br> Reference 700-406-011"},"content":{"rendered":"","protected":false},"excerpt":{"rendered":"<p>RAPIDEX RAPIDLINE 13<br \/> R\u00e9f\u00e9rence constructeur : 700-406-011<br \/> R\u00e9f\u00e9rences \u00e9quivalentes : 700406011 \/ M700406011 \/ RAP700406011<\/p>","protected":false},"featured_media":0,"comment_status":"open","ping_status":"closed","template":"","meta":[],"_links":{"self":[{"href":"https:\/\/www.sams-industrie.fr\/en\/wp-json\/wp\/v2\/product\/8608"}],"collection":[{"href":"https:\/\/www.sams-industrie.fr\/en\/wp-json\/wp\/v2\/product"}],"about":[{"href":"https:\/\/www.sams-industrie.fr\/en\/wp-json\/wp\/v2\/types\/product"}],"replies":[{"embeddable":true,"href":"https:\/\/www.sams-industrie.fr\/en\/wp-json\/wp\/v2\/comments?post=8608"}],"wp:attachment":[{"href":"https:\/\/www.sams-industrie.fr\/en\/wp-json\/wp\/v2\/media?parent=8608"}],"curies":[{"name":"wp","href":"https:\/\/api.w.org\/{rel}","templated":true}]}}