{"id":8607,"date":"2025-01-24T09:29:28","date_gmt":"2025-01-24T08:29:28","guid":{"rendered":"https:\/\/www.sams-industrie.fr\/product\/vis-deplacement-reference-700-607-210-lb\/"},"modified":"2025-02-19T11:38:03","modified_gmt":"2025-02-19T10:38:03","slug":"vis-deplacement-reference-700-607-210-lb","status":"publish","type":"product","link":"https:\/\/www.sams-industrie.fr\/en\/product\/vis-deplacement-reference-700-607-210-lb\/","title":{"rendered":"Screw displacement<br> Reference 700-607-210 LB"},"content":{"rendered":"","protected":false},"excerpt":{"rendered":"<p>RAPIDEX RAPIDLINE 13<br \/> R\u00e9f\u00e9rence constructeur : 700-607-210 LB<br \/> R\u00e9f\u00e9rences \u00e9quivalentes : 700607210LB \/ M700607210LB \/ RAP700607210LB<\/p>","protected":false},"featured_media":0,"comment_status":"open","ping_status":"closed","template":"","meta":[],"_links":{"self":[{"href":"https:\/\/www.sams-industrie.fr\/en\/wp-json\/wp\/v2\/product\/8607"}],"collection":[{"href":"https:\/\/www.sams-industrie.fr\/en\/wp-json\/wp\/v2\/product"}],"about":[{"href":"https:\/\/www.sams-industrie.fr\/en\/wp-json\/wp\/v2\/types\/product"}],"replies":[{"embeddable":true,"href":"https:\/\/www.sams-industrie.fr\/en\/wp-json\/wp\/v2\/comments?post=8607"}],"wp:attachment":[{"href":"https:\/\/www.sams-industrie.fr\/en\/wp-json\/wp\/v2\/media?parent=8607"}],"curies":[{"name":"wp","href":"https:\/\/api.w.org\/{rel}","templated":true}]}}