{"id":8606,"date":"2025-01-24T09:29:27","date_gmt":"2025-01-24T08:29:27","guid":{"rendered":"https:\/\/www.sams-industrie.fr\/product\/porte-clavette-reference-700-616-004\/"},"modified":"2025-02-19T11:38:02","modified_gmt":"2025-02-19T10:38:02","slug":"porte-clavette-reference-700-616-004","status":"publish","type":"product","link":"https:\/\/www.sams-industrie.fr\/en\/product\/porte-clavette-reference-700-616-004\/","title":{"rendered":"Key holder<br> Reference 700-616-004"},"content":{"rendered":"","protected":false},"excerpt":{"rendered":"<p>RAPIDEX RAPIDLINE 10 \u2013 RAPIDLINE 13<br \/> R\u00e9f\u00e9rence constructeur : 700-616-004<br \/> R\u00e9f\u00e9rences \u00e9quivalentes : 700616004 \/ M700616004 \/ RAP700616004<\/p>","protected":false},"featured_media":0,"comment_status":"open","ping_status":"closed","template":"","meta":[],"_links":{"self":[{"href":"https:\/\/www.sams-industrie.fr\/en\/wp-json\/wp\/v2\/product\/8606"}],"collection":[{"href":"https:\/\/www.sams-industrie.fr\/en\/wp-json\/wp\/v2\/product"}],"about":[{"href":"https:\/\/www.sams-industrie.fr\/en\/wp-json\/wp\/v2\/types\/product"}],"replies":[{"embeddable":true,"href":"https:\/\/www.sams-industrie.fr\/en\/wp-json\/wp\/v2\/comments?post=8606"}],"wp:attachment":[{"href":"https:\/\/www.sams-industrie.fr\/en\/wp-json\/wp\/v2\/media?parent=8606"}],"curies":[{"name":"wp","href":"https:\/\/api.w.org\/{rel}","templated":true}]}}