{"id":8604,"date":"2025-01-24T09:29:26","date_gmt":"2025-01-24T08:29:26","guid":{"rendered":"https:\/\/www.sams-industrie.fr\/product\/levier-mobile-reference-700-605-102\/"},"modified":"2025-02-19T11:38:01","modified_gmt":"2025-02-19T10:38:01","slug":"levier-mobile-reference-700-605-102","status":"publish","type":"product","link":"https:\/\/www.sams-industrie.fr\/en\/product\/levier-mobile-reference-700-605-102\/","title":{"rendered":"Movable lever<br> Reference 700-605-102"},"content":{"rendered":"","protected":false},"excerpt":{"rendered":"<p>RAPIDEX RAPIDLINE 13<br \/> R\u00e9f\u00e9rence constructeur : 700-605-102<br \/> R\u00e9f\u00e9rences \u00e9quivalentes : 700605102 \/ M700605102 \/ RAP700605102<\/p>","protected":false},"featured_media":0,"comment_status":"open","ping_status":"closed","template":"","meta":[],"_links":{"self":[{"href":"https:\/\/www.sams-industrie.fr\/en\/wp-json\/wp\/v2\/product\/8604"}],"collection":[{"href":"https:\/\/www.sams-industrie.fr\/en\/wp-json\/wp\/v2\/product"}],"about":[{"href":"https:\/\/www.sams-industrie.fr\/en\/wp-json\/wp\/v2\/types\/product"}],"replies":[{"embeddable":true,"href":"https:\/\/www.sams-industrie.fr\/en\/wp-json\/wp\/v2\/comments?post=8604"}],"wp:attachment":[{"href":"https:\/\/www.sams-industrie.fr\/en\/wp-json\/wp\/v2\/media?parent=8604"}],"curies":[{"name":"wp","href":"https:\/\/api.w.org\/{rel}","templated":true}]}}