{"id":8603,"date":"2025-01-24T09:29:26","date_gmt":"2025-01-24T08:29:26","guid":{"rendered":"https:\/\/www.sams-industrie.fr\/product\/levier-fixe-reference-700-605-101\/"},"modified":"2025-02-19T11:38:00","modified_gmt":"2025-02-19T10:38:00","slug":"levier-fixe-reference-700-605-101","status":"publish","type":"product","link":"https:\/\/www.sams-industrie.fr\/en\/product\/levier-fixe-reference-700-605-101\/","title":{"rendered":"Fixed lever<br> Reference 700-605-101"},"content":{"rendered":"","protected":false},"excerpt":{"rendered":"<p>RAPIDEX RAPIDLINE 13<br \/> R\u00e9f\u00e9rence constructeur : 700-605-101<br \/> R\u00e9f\u00e9rences \u00e9quivalentes : 700605101 \/ M700605101 \/ RAP700605101<\/p>","protected":false},"featured_media":0,"comment_status":"open","ping_status":"closed","template":"","meta":[],"_links":{"self":[{"href":"https:\/\/www.sams-industrie.fr\/en\/wp-json\/wp\/v2\/product\/8603"}],"collection":[{"href":"https:\/\/www.sams-industrie.fr\/en\/wp-json\/wp\/v2\/product"}],"about":[{"href":"https:\/\/www.sams-industrie.fr\/en\/wp-json\/wp\/v2\/types\/product"}],"replies":[{"embeddable":true,"href":"https:\/\/www.sams-industrie.fr\/en\/wp-json\/wp\/v2\/comments?post=8603"}],"wp:attachment":[{"href":"https:\/\/www.sams-industrie.fr\/en\/wp-json\/wp\/v2\/media?parent=8603"}],"curies":[{"name":"wp","href":"https:\/\/api.w.org\/{rel}","templated":true}]}}