{"id":8597,"date":"2025-01-24T09:29:22","date_gmt":"2025-01-24T08:29:22","guid":{"rendered":"https:\/\/www.sams-industrie.fr\/product\/poulie-de-renvoi-reference-700-614-012\/"},"modified":"2025-02-19T11:37:54","modified_gmt":"2025-02-19T10:37:54","slug":"poulie-de-renvoi-reference-700-614-012","status":"publish","type":"product","link":"https:\/\/www.sams-industrie.fr\/en\/product\/poulie-de-renvoi-reference-700-614-012\/","title":{"rendered":"Idler pulley<br> Reference 700-614-012"},"content":{"rendered":"","protected":false},"excerpt":{"rendered":"<p>RAPIDEX RAPIDLINE 13<br \/> R\u00e9f\u00e9rence constructeur : 700-614-012<br \/> R\u00e9f\u00e9rences \u00e9quivalentes : 700614012 \/ M700614012 \/ RAP700614012<\/p>","protected":false},"featured_media":0,"comment_status":"open","ping_status":"closed","template":"","meta":[],"_links":{"self":[{"href":"https:\/\/www.sams-industrie.fr\/en\/wp-json\/wp\/v2\/product\/8597"}],"collection":[{"href":"https:\/\/www.sams-industrie.fr\/en\/wp-json\/wp\/v2\/product"}],"about":[{"href":"https:\/\/www.sams-industrie.fr\/en\/wp-json\/wp\/v2\/types\/product"}],"replies":[{"embeddable":true,"href":"https:\/\/www.sams-industrie.fr\/en\/wp-json\/wp\/v2\/comments?post=8597"}],"wp:attachment":[{"href":"https:\/\/www.sams-industrie.fr\/en\/wp-json\/wp\/v2\/media?parent=8597"}],"curies":[{"name":"wp","href":"https:\/\/api.w.org\/{rel}","templated":true}]}}