{"id":8590,"date":"2025-01-24T09:29:18","date_gmt":"2025-01-24T08:29:18","guid":{"rendered":"https:\/\/www.sams-industrie.fr\/product\/lame-reference-700-305-151\/"},"modified":"2025-02-19T11:37:50","modified_gmt":"2025-02-19T10:37:50","slug":"lame-reference-700-305-151","status":"publish","type":"product","link":"https:\/\/www.sams-industrie.fr\/en\/product\/lame-reference-700-305-151\/","title":{"rendered":"Blade<br> Reference 700-305-151"},"content":{"rendered":"","protected":false},"excerpt":{"rendered":"<p>RAPIDEX RAPIDLINE 13<br \/> R\u00e9f\u00e9rence constructeur : 700-305-151<br \/> R\u00e9f\u00e9rences \u00e9quivalentes : 700305151 \/ M700305151 \/ RAP700305151<\/p>","protected":false},"featured_media":0,"comment_status":"open","ping_status":"closed","template":"","meta":[],"_links":{"self":[{"href":"https:\/\/www.sams-industrie.fr\/en\/wp-json\/wp\/v2\/product\/8590"}],"collection":[{"href":"https:\/\/www.sams-industrie.fr\/en\/wp-json\/wp\/v2\/product"}],"about":[{"href":"https:\/\/www.sams-industrie.fr\/en\/wp-json\/wp\/v2\/types\/product"}],"replies":[{"embeddable":true,"href":"https:\/\/www.sams-industrie.fr\/en\/wp-json\/wp\/v2\/comments?post=8590"}],"wp:attachment":[{"href":"https:\/\/www.sams-industrie.fr\/en\/wp-json\/wp\/v2\/media?parent=8590"}],"curies":[{"name":"wp","href":"https:\/\/api.w.org\/{rel}","templated":true}]}}