{"id":8586,"date":"2025-01-24T09:29:16","date_gmt":"2025-01-24T08:29:16","guid":{"rendered":"https:\/\/www.sams-industrie.fr\/product\/pignon-general-lames-mobiles-reference-700-305-009\/"},"modified":"2025-02-19T11:37:47","modified_gmt":"2025-02-19T10:37:47","slug":"pignon-general-lames-mobiles-reference-700-305-009","status":"publish","type":"product","link":"https:\/\/www.sams-industrie.fr\/en\/product\/pignon-general-lames-mobiles-reference-700-305-009\/","title":{"rendered":"General pinion moving blades<br> Reference 700-305-009"},"content":{"rendered":"","protected":false},"excerpt":{"rendered":"<p>RAPIDEX RAPIDLINE 13<br \/> R\u00e9f\u00e9rence constructeur : 700-305-009<br \/> R\u00e9f\u00e9rences \u00e9quivalentes : 700305009 \/ M700305009 \/ RAP700305009<\/p>","protected":false},"featured_media":9164,"comment_status":"open","ping_status":"closed","template":"","meta":[],"_links":{"self":[{"href":"https:\/\/www.sams-industrie.fr\/en\/wp-json\/wp\/v2\/product\/8586"}],"collection":[{"href":"https:\/\/www.sams-industrie.fr\/en\/wp-json\/wp\/v2\/product"}],"about":[{"href":"https:\/\/www.sams-industrie.fr\/en\/wp-json\/wp\/v2\/types\/product"}],"replies":[{"embeddable":true,"href":"https:\/\/www.sams-industrie.fr\/en\/wp-json\/wp\/v2\/comments?post=8586"}],"wp:featuredmedia":[{"embeddable":true,"href":"https:\/\/www.sams-industrie.fr\/en\/wp-json\/wp\/v2\/media\/9164"}],"wp:attachment":[{"href":"https:\/\/www.sams-industrie.fr\/en\/wp-json\/wp\/v2\/media?parent=8586"}],"curies":[{"name":"wp","href":"https:\/\/api.w.org\/{rel}","templated":true}]}}