{"id":8585,"date":"2025-01-24T09:29:15","date_gmt":"2025-01-24T08:29:15","guid":{"rendered":"https:\/\/www.sams-industrie.fr\/product\/plaquette-de-lame-reference-700-305-108\/"},"modified":"2025-02-19T11:37:46","modified_gmt":"2025-02-19T10:37:46","slug":"plaquette-de-lame-reference-700-305-108","status":"publish","type":"product","link":"https:\/\/www.sams-industrie.fr\/en\/product\/plaquette-de-lame-reference-700-305-108\/","title":{"rendered":"Blade plate<br> Reference 700-305-108"},"content":{"rendered":"","protected":false},"excerpt":{"rendered":"<p>RAPIDEX RAPIDLINE 13<br \/> R\u00e9f\u00e9rence constructeur : 700-305-108<br \/> R\u00e9f\u00e9rences \u00e9quivalentes : 700305108 \/ M700305108 \/ RAP700305108<\/p>","protected":false},"featured_media":0,"comment_status":"open","ping_status":"closed","template":"","meta":[],"_links":{"self":[{"href":"https:\/\/www.sams-industrie.fr\/en\/wp-json\/wp\/v2\/product\/8585"}],"collection":[{"href":"https:\/\/www.sams-industrie.fr\/en\/wp-json\/wp\/v2\/product"}],"about":[{"href":"https:\/\/www.sams-industrie.fr\/en\/wp-json\/wp\/v2\/types\/product"}],"replies":[{"embeddable":true,"href":"https:\/\/www.sams-industrie.fr\/en\/wp-json\/wp\/v2\/comments?post=8585"}],"wp:attachment":[{"href":"https:\/\/www.sams-industrie.fr\/en\/wp-json\/wp\/v2\/media?parent=8585"}],"curies":[{"name":"wp","href":"https:\/\/api.w.org\/{rel}","templated":true}]}}