{"id":8584,"date":"2025-01-24T09:29:12","date_gmt":"2025-01-24T08:29:12","guid":{"rendered":"https:\/\/www.sams-industrie.fr\/product\/serre-lame-reference-700-305-105-x\/"},"modified":"2025-02-19T11:37:46","modified_gmt":"2025-02-19T10:37:46","slug":"serre-lame-reference-700-305-105-x","status":"publish","type":"product","link":"https:\/\/www.sams-industrie.fr\/en\/product\/serre-lame-reference-700-305-105-x\/","title":{"rendered":"Blade clamp<br> Reference 700-305-105 X"},"content":{"rendered":"","protected":false},"excerpt":{"rendered":"<p>RAPIDEX RAPIDLINE 13<br \/> R\u00e9f\u00e9rence constructeur : 700-305-105 X<br \/> R\u00e9f\u00e9rences \u00e9quivalentes : 700305105X \/ M700305105X \/ RAP700305105X<\/p>","protected":false},"featured_media":0,"comment_status":"open","ping_status":"closed","template":"","meta":[],"_links":{"self":[{"href":"https:\/\/www.sams-industrie.fr\/en\/wp-json\/wp\/v2\/product\/8584"}],"collection":[{"href":"https:\/\/www.sams-industrie.fr\/en\/wp-json\/wp\/v2\/product"}],"about":[{"href":"https:\/\/www.sams-industrie.fr\/en\/wp-json\/wp\/v2\/types\/product"}],"replies":[{"embeddable":true,"href":"https:\/\/www.sams-industrie.fr\/en\/wp-json\/wp\/v2\/comments?post=8584"}],"wp:attachment":[{"href":"https:\/\/www.sams-industrie.fr\/en\/wp-json\/wp\/v2\/media?parent=8584"}],"curies":[{"name":"wp","href":"https:\/\/api.w.org\/{rel}","templated":true}]}}