{"id":8581,"date":"2025-01-24T09:29:11","date_gmt":"2025-01-24T08:29:11","guid":{"rendered":"https:\/\/www.sams-industrie.fr\/product\/serre-lame-reference-700-305-105-c\/"},"modified":"2025-02-19T11:37:44","modified_gmt":"2025-02-19T10:37:44","slug":"serre-lame-reference-700-305-105-c","status":"publish","type":"product","link":"https:\/\/www.sams-industrie.fr\/en\/product\/serre-lame-reference-700-305-105-c\/","title":{"rendered":"Blade clamp<br> Reference 700-305-105 C"},"content":{"rendered":"","protected":false},"excerpt":{"rendered":"<p>RAPIDEX RAPIDLINE 13<br \/> R\u00e9f\u00e9rence constructeur : 700-305-105 C<br \/> R\u00e9f\u00e9rences \u00e9quivalentes : 700305105C \/ M700305105C \/ RAP700305105C<\/p>","protected":false},"featured_media":0,"comment_status":"open","ping_status":"closed","template":"","meta":[],"_links":{"self":[{"href":"https:\/\/www.sams-industrie.fr\/en\/wp-json\/wp\/v2\/product\/8581"}],"collection":[{"href":"https:\/\/www.sams-industrie.fr\/en\/wp-json\/wp\/v2\/product"}],"about":[{"href":"https:\/\/www.sams-industrie.fr\/en\/wp-json\/wp\/v2\/types\/product"}],"replies":[{"embeddable":true,"href":"https:\/\/www.sams-industrie.fr\/en\/wp-json\/wp\/v2\/comments?post=8581"}],"wp:attachment":[{"href":"https:\/\/www.sams-industrie.fr\/en\/wp-json\/wp\/v2\/media?parent=8581"}],"curies":[{"name":"wp","href":"https:\/\/api.w.org\/{rel}","templated":true}]}}