{"id":8580,"date":"2025-01-24T09:29:11","date_gmt":"2025-01-24T08:29:11","guid":{"rendered":"https:\/\/www.sams-industrie.fr\/product\/serre-lame-reference-700-305-105-b\/"},"modified":"2025-02-19T11:37:43","modified_gmt":"2025-02-19T10:37:43","slug":"serre-lame-reference-700-305-105-b","status":"publish","type":"product","link":"https:\/\/www.sams-industrie.fr\/en\/product\/serre-lame-reference-700-305-105-b\/","title":{"rendered":"Blade clamp<br> Reference 700-305-105 B"},"content":{"rendered":"","protected":false},"excerpt":{"rendered":"<p>RAPIDEX RAPIDLINE 13<br \/> R\u00e9f\u00e9rence constructeur : 700-305-105 B<br \/> R\u00e9f\u00e9rences \u00e9quivalentes : 700305105B \/ M700305105B \/ RAP700305105B<\/p>","protected":false},"featured_media":0,"comment_status":"open","ping_status":"closed","template":"","meta":[],"_links":{"self":[{"href":"https:\/\/www.sams-industrie.fr\/en\/wp-json\/wp\/v2\/product\/8580"}],"collection":[{"href":"https:\/\/www.sams-industrie.fr\/en\/wp-json\/wp\/v2\/product"}],"about":[{"href":"https:\/\/www.sams-industrie.fr\/en\/wp-json\/wp\/v2\/types\/product"}],"replies":[{"embeddable":true,"href":"https:\/\/www.sams-industrie.fr\/en\/wp-json\/wp\/v2\/comments?post=8580"}],"wp:attachment":[{"href":"https:\/\/www.sams-industrie.fr\/en\/wp-json\/wp\/v2\/media?parent=8580"}],"curies":[{"name":"wp","href":"https:\/\/api.w.org\/{rel}","templated":true}]}}