{"id":8579,"date":"2025-01-24T09:29:10","date_gmt":"2025-01-24T08:29:10","guid":{"rendered":"https:\/\/www.sams-industrie.fr\/product\/serre-lame-reference-700-305-105-a\/"},"modified":"2025-02-19T11:37:42","modified_gmt":"2025-02-19T10:37:42","slug":"serre-lame-reference-700-305-105-a","status":"publish","type":"product","link":"https:\/\/www.sams-industrie.fr\/en\/product\/serre-lame-reference-700-305-105-a\/","title":{"rendered":"Blade clamp<br> Reference 700-305-105 A"},"content":{"rendered":"","protected":false},"excerpt":{"rendered":"<p>RAPIDEX RAPIDLINE 13<br \/> R\u00e9f\u00e9rence constructeur : 700-305-105 A<br \/> R\u00e9f\u00e9rences \u00e9quivalentes : 700305105A \/ M700305105A \/ RAP700305105A<\/p>","protected":false},"featured_media":0,"comment_status":"open","ping_status":"closed","template":"","meta":[],"_links":{"self":[{"href":"https:\/\/www.sams-industrie.fr\/en\/wp-json\/wp\/v2\/product\/8579"}],"collection":[{"href":"https:\/\/www.sams-industrie.fr\/en\/wp-json\/wp\/v2\/product"}],"about":[{"href":"https:\/\/www.sams-industrie.fr\/en\/wp-json\/wp\/v2\/types\/product"}],"replies":[{"embeddable":true,"href":"https:\/\/www.sams-industrie.fr\/en\/wp-json\/wp\/v2\/comments?post=8579"}],"wp:attachment":[{"href":"https:\/\/www.sams-industrie.fr\/en\/wp-json\/wp\/v2\/media?parent=8579"}],"curies":[{"name":"wp","href":"https:\/\/api.w.org\/{rel}","templated":true}]}}