{"id":8578,"date":"2025-01-24T09:29:10","date_gmt":"2025-01-24T08:29:10","guid":{"rendered":"https:\/\/www.sams-industrie.fr\/product\/secteur-mobile-reference-700-305-102\/"},"modified":"2025-02-19T11:37:42","modified_gmt":"2025-02-19T10:37:42","slug":"secteur-mobile-reference-700-305-102","status":"publish","type":"product","link":"https:\/\/www.sams-industrie.fr\/en\/product\/secteur-mobile-reference-700-305-102\/","title":{"rendered":"Mobile sector<br> Reference 700-305-102"},"content":{"rendered":"","protected":false},"excerpt":{"rendered":"<p>RAPIDEX RAPIDLINE 13<br \/> R\u00e9f\u00e9rence constructeur : 700-305-102<br \/> R\u00e9f\u00e9rences \u00e9quivalentes : 700305102 \/ M700305102 \/ RAP700305102<\/p>","protected":false},"featured_media":0,"comment_status":"open","ping_status":"closed","template":"","meta":[],"_links":{"self":[{"href":"https:\/\/www.sams-industrie.fr\/en\/wp-json\/wp\/v2\/product\/8578"}],"collection":[{"href":"https:\/\/www.sams-industrie.fr\/en\/wp-json\/wp\/v2\/product"}],"about":[{"href":"https:\/\/www.sams-industrie.fr\/en\/wp-json\/wp\/v2\/types\/product"}],"replies":[{"embeddable":true,"href":"https:\/\/www.sams-industrie.fr\/en\/wp-json\/wp\/v2\/comments?post=8578"}],"wp:attachment":[{"href":"https:\/\/www.sams-industrie.fr\/en\/wp-json\/wp\/v2\/media?parent=8578"}],"curies":[{"name":"wp","href":"https:\/\/api.w.org\/{rel}","templated":true}]}}