{"id":8577,"date":"2025-01-24T09:29:09","date_gmt":"2025-01-24T08:29:09","guid":{"rendered":"https:\/\/www.sams-industrie.fr\/product\/secteur-fixe-reference-700-305-101\/"},"modified":"2025-02-19T11:37:41","modified_gmt":"2025-02-19T10:37:41","slug":"secteur-fixe-reference-700-305-101","status":"publish","type":"product","link":"https:\/\/www.sams-industrie.fr\/en\/product\/secteur-fixe-reference-700-305-101\/","title":{"rendered":"Fixed sector<br> Reference 700-305-101"},"content":{"rendered":"","protected":false},"excerpt":{"rendered":"<p>RAPIDEX RAPIDLINE 13<br \/> R\u00e9f\u00e9rence constructeur : 700-305-101<br \/> R\u00e9f\u00e9rences \u00e9quivalentes : 700305101 \/ M700305101 \/ RAP700305101<\/p>","protected":false},"featured_media":0,"comment_status":"open","ping_status":"closed","template":"","meta":[],"_links":{"self":[{"href":"https:\/\/www.sams-industrie.fr\/en\/wp-json\/wp\/v2\/product\/8577"}],"collection":[{"href":"https:\/\/www.sams-industrie.fr\/en\/wp-json\/wp\/v2\/product"}],"about":[{"href":"https:\/\/www.sams-industrie.fr\/en\/wp-json\/wp\/v2\/types\/product"}],"replies":[{"embeddable":true,"href":"https:\/\/www.sams-industrie.fr\/en\/wp-json\/wp\/v2\/comments?post=8577"}],"wp:attachment":[{"href":"https:\/\/www.sams-industrie.fr\/en\/wp-json\/wp\/v2\/media?parent=8577"}],"curies":[{"name":"wp","href":"https:\/\/api.w.org\/{rel}","templated":true}]}}