{"id":8576,"date":"2025-01-24T09:29:09","date_gmt":"2025-01-24T08:29:09","guid":{"rendered":"https:\/\/www.sams-industrie.fr\/product\/arbre-cannele-lz2800-reference-300-300-015\/"},"modified":"2025-02-19T11:37:40","modified_gmt":"2025-02-19T10:37:40","slug":"arbre-cannele-lz2800-reference-300-300-015","status":"publish","type":"product","link":"https:\/\/www.sams-industrie.fr\/en\/product\/arbre-cannele-lz2800-reference-300-300-015\/","title":{"rendered":"LZ2800 Splined Shaft<br> Reference 300-300-015"},"content":{"rendered":"","protected":false},"excerpt":{"rendered":"<p>RAPIDEX RAPIDLINE 13<br \/> R\u00e9f\u00e9rence constructeur : 300-300-015<br \/> R\u00e9f\u00e9rences \u00e9quivalentes : 300300015 \/ M300300015 \/ RAP300300015<\/p>","protected":false},"featured_media":0,"comment_status":"open","ping_status":"closed","template":"","meta":[],"_links":{"self":[{"href":"https:\/\/www.sams-industrie.fr\/en\/wp-json\/wp\/v2\/product\/8576"}],"collection":[{"href":"https:\/\/www.sams-industrie.fr\/en\/wp-json\/wp\/v2\/product"}],"about":[{"href":"https:\/\/www.sams-industrie.fr\/en\/wp-json\/wp\/v2\/types\/product"}],"replies":[{"embeddable":true,"href":"https:\/\/www.sams-industrie.fr\/en\/wp-json\/wp\/v2\/comments?post=8576"}],"wp:attachment":[{"href":"https:\/\/www.sams-industrie.fr\/en\/wp-json\/wp\/v2\/media?parent=8576"}],"curies":[{"name":"wp","href":"https:\/\/api.w.org\/{rel}","templated":true}]}}