{"id":8575,"date":"2025-01-24T09:29:08","date_gmt":"2025-01-24T08:29:08","guid":{"rendered":"https:\/\/www.sams-industrie.fr\/product\/rallonge-secteur-mobile-reference-700-305-106\/"},"modified":"2025-02-19T11:37:39","modified_gmt":"2025-02-19T10:37:39","slug":"rallonge-secteur-mobile-reference-700-305-106","status":"publish","type":"product","link":"https:\/\/www.sams-industrie.fr\/en\/product\/rallonge-secteur-mobile-reference-700-305-106\/","title":{"rendered":"Mobile power extension cord<br> Reference 700-305-106"},"content":{"rendered":"","protected":false},"excerpt":{"rendered":"<p>RAPIDEX RAPIDLINE 13<br \/> R\u00e9f\u00e9rence constructeur : 700-305-106<br \/> R\u00e9f\u00e9rences \u00e9quivalentes : 700305106 \/ M700305106 \/ RAP700305106<\/p>","protected":false},"featured_media":0,"comment_status":"open","ping_status":"closed","template":"","meta":[],"_links":{"self":[{"href":"https:\/\/www.sams-industrie.fr\/en\/wp-json\/wp\/v2\/product\/8575"}],"collection":[{"href":"https:\/\/www.sams-industrie.fr\/en\/wp-json\/wp\/v2\/product"}],"about":[{"href":"https:\/\/www.sams-industrie.fr\/en\/wp-json\/wp\/v2\/types\/product"}],"replies":[{"embeddable":true,"href":"https:\/\/www.sams-industrie.fr\/en\/wp-json\/wp\/v2\/comments?post=8575"}],"wp:attachment":[{"href":"https:\/\/www.sams-industrie.fr\/en\/wp-json\/wp\/v2\/media?parent=8575"}],"curies":[{"name":"wp","href":"https:\/\/api.w.org\/{rel}","templated":true}]}}