{"id":8572,"date":"2025-01-24T09:29:07","date_gmt":"2025-01-24T08:29:07","guid":{"rendered":"https:\/\/www.sams-industrie.fr\/product\/pignon-lames-mobiles-reference-300-300-014\/"},"modified":"2025-02-19T11:37:36","modified_gmt":"2025-02-19T10:37:36","slug":"pignon-lames-mobiles-reference-300-300-014","status":"publish","type":"product","link":"https:\/\/www.sams-industrie.fr\/en\/product\/pignon-lames-mobiles-reference-300-300-014\/","title":{"rendered":"Moving blade pinion<br> Reference 300-300-014"},"content":{"rendered":"","protected":false},"excerpt":{"rendered":"<p>RAPIDEX RAPIDLINE 13<br \/> R\u00e9f\u00e9rence constructeur : 300-300-014<br \/> R\u00e9f\u00e9rences \u00e9quivalentes : 300300014 \/ M300300014 \/ RAP300300014<\/p>","protected":false},"featured_media":0,"comment_status":"open","ping_status":"closed","template":"","meta":[],"_links":{"self":[{"href":"https:\/\/www.sams-industrie.fr\/en\/wp-json\/wp\/v2\/product\/8572"}],"collection":[{"href":"https:\/\/www.sams-industrie.fr\/en\/wp-json\/wp\/v2\/product"}],"about":[{"href":"https:\/\/www.sams-industrie.fr\/en\/wp-json\/wp\/v2\/types\/product"}],"replies":[{"embeddable":true,"href":"https:\/\/www.sams-industrie.fr\/en\/wp-json\/wp\/v2\/comments?post=8572"}],"wp:attachment":[{"href":"https:\/\/www.sams-industrie.fr\/en\/wp-json\/wp\/v2\/media?parent=8572"}],"curies":[{"name":"wp","href":"https:\/\/api.w.org\/{rel}","templated":true}]}}