{"id":8571,"date":"2025-01-24T09:29:06","date_gmt":"2025-01-24T08:29:06","guid":{"rendered":"https:\/\/www.sams-industrie.fr\/product\/cannele-lames-mobiles-reference-700-305-002-lc\/"},"modified":"2025-02-19T11:37:35","modified_gmt":"2025-02-19T10:37:35","slug":"cannele-lames-mobiles-reference-700-305-002-lc","status":"publish","type":"product","link":"https:\/\/www.sams-industrie.fr\/en\/product\/cannele-lames-mobiles-reference-700-305-002-lc\/","title":{"rendered":"Fluted moving blades<br> Reference 700-305-002 LC"},"content":{"rendered":"","protected":false},"excerpt":{"rendered":"<p>RAPIDEX RAPIDLINE 13<br \/> R\u00e9f\u00e9rence constructeur : 700-305-002 LC<br \/> R\u00e9f\u00e9rences \u00e9quivalentes : 700305002LC \/ M700305002LC \/ RAP700305002LC<\/p>","protected":false},"featured_media":0,"comment_status":"open","ping_status":"closed","template":"","meta":[],"_links":{"self":[{"href":"https:\/\/www.sams-industrie.fr\/en\/wp-json\/wp\/v2\/product\/8571"}],"collection":[{"href":"https:\/\/www.sams-industrie.fr\/en\/wp-json\/wp\/v2\/product"}],"about":[{"href":"https:\/\/www.sams-industrie.fr\/en\/wp-json\/wp\/v2\/types\/product"}],"replies":[{"embeddable":true,"href":"https:\/\/www.sams-industrie.fr\/en\/wp-json\/wp\/v2\/comments?post=8571"}],"wp:attachment":[{"href":"https:\/\/www.sams-industrie.fr\/en\/wp-json\/wp\/v2\/media?parent=8571"}],"curies":[{"name":"wp","href":"https:\/\/api.w.org\/{rel}","templated":true}]}}