{"id":8570,"date":"2025-01-24T09:29:06","date_gmt":"2025-01-24T08:29:06","guid":{"rendered":"https:\/\/www.sams-industrie.fr\/product\/refouleur-inferieur-reference-700-304-002\/"},"modified":"2025-02-19T11:37:34","modified_gmt":"2025-02-19T10:37:34","slug":"refouleur-inferieur-reference-700-304-002","status":"publish","type":"product","link":"https:\/\/www.sams-industrie.fr\/en\/product\/refouleur-inferieur-reference-700-304-002\/","title":{"rendered":"Lower pusher<br> Reference 700-304-002"},"content":{"rendered":"","protected":false},"excerpt":{"rendered":"<p>RAPIDEX RAPIDLINE 13<br \/> R\u00e9f\u00e9rence constructeur : 700-304-002<br \/> R\u00e9f\u00e9rences \u00e9quivalentes : 700304002 \/ M700304002 \/ RAP700304002<\/p>","protected":false},"featured_media":0,"comment_status":"open","ping_status":"closed","template":"","meta":[],"_links":{"self":[{"href":"https:\/\/www.sams-industrie.fr\/en\/wp-json\/wp\/v2\/product\/8570"}],"collection":[{"href":"https:\/\/www.sams-industrie.fr\/en\/wp-json\/wp\/v2\/product"}],"about":[{"href":"https:\/\/www.sams-industrie.fr\/en\/wp-json\/wp\/v2\/types\/product"}],"replies":[{"embeddable":true,"href":"https:\/\/www.sams-industrie.fr\/en\/wp-json\/wp\/v2\/comments?post=8570"}],"wp:attachment":[{"href":"https:\/\/www.sams-industrie.fr\/en\/wp-json\/wp\/v2\/media?parent=8570"}],"curies":[{"name":"wp","href":"https:\/\/api.w.org\/{rel}","templated":true}]}}