{"id":8568,"date":"2025-01-24T09:29:04","date_gmt":"2025-01-24T08:29:04","guid":{"rendered":"https:\/\/www.sams-industrie.fr\/product\/rondelle-guide-reference-700-303-007\/"},"modified":"2025-02-19T11:37:33","modified_gmt":"2025-02-19T10:37:33","slug":"rondelle-guide-reference-700-303-007","status":"publish","type":"product","link":"https:\/\/www.sams-industrie.fr\/en\/product\/rondelle-guide-reference-700-303-007\/","title":{"rendered":"Guide washer<br> Reference 700-303-007"},"content":{"rendered":"","protected":false},"excerpt":{"rendered":"<p>RAPIDEX RAPIDLINE 13<br \/> R\u00e9f\u00e9rence constructeur : 700-303-007<br \/> R\u00e9f\u00e9rences \u00e9quivalentes : 700303007 \/ M700303007 \/ RAP700303007<\/p>","protected":false},"featured_media":0,"comment_status":"open","ping_status":"closed","template":"","meta":[],"_links":{"self":[{"href":"https:\/\/www.sams-industrie.fr\/en\/wp-json\/wp\/v2\/product\/8568"}],"collection":[{"href":"https:\/\/www.sams-industrie.fr\/en\/wp-json\/wp\/v2\/product"}],"about":[{"href":"https:\/\/www.sams-industrie.fr\/en\/wp-json\/wp\/v2\/types\/product"}],"replies":[{"embeddable":true,"href":"https:\/\/www.sams-industrie.fr\/en\/wp-json\/wp\/v2\/comments?post=8568"}],"wp:attachment":[{"href":"https:\/\/www.sams-industrie.fr\/en\/wp-json\/wp\/v2\/media?parent=8568"}],"curies":[{"name":"wp","href":"https:\/\/api.w.org\/{rel}","templated":true}]}}