{"id":8565,"date":"2025-01-24T09:29:03","date_gmt":"2025-01-24T08:29:03","guid":{"rendered":"https:\/\/www.sams-industrie.fr\/product\/refouleur-reference-700-303-004\/"},"modified":"2025-02-19T11:37:31","modified_gmt":"2025-02-19T10:37:31","slug":"refouleur-reference-700-303-004","status":"publish","type":"product","link":"https:\/\/www.sams-industrie.fr\/en\/product\/refouleur-reference-700-303-004\/","title":{"rendered":"Repressor<br> Reference 700-303-004"},"content":{"rendered":"","protected":false},"excerpt":{"rendered":"<p>RAPIDEX RAPIDLINE 13<br \/> R\u00e9f\u00e9rence constructeur : 700-303-004<br \/> R\u00e9f\u00e9rences \u00e9quivalentes : 700303004 \/ M700303004 \/ RAP700303004<\/p>","protected":false},"featured_media":0,"comment_status":"open","ping_status":"closed","template":"","meta":[],"_links":{"self":[{"href":"https:\/\/www.sams-industrie.fr\/en\/wp-json\/wp\/v2\/product\/8565"}],"collection":[{"href":"https:\/\/www.sams-industrie.fr\/en\/wp-json\/wp\/v2\/product"}],"about":[{"href":"https:\/\/www.sams-industrie.fr\/en\/wp-json\/wp\/v2\/types\/product"}],"replies":[{"embeddable":true,"href":"https:\/\/www.sams-industrie.fr\/en\/wp-json\/wp\/v2\/comments?post=8565"}],"wp:attachment":[{"href":"https:\/\/www.sams-industrie.fr\/en\/wp-json\/wp\/v2\/media?parent=8565"}],"curies":[{"name":"wp","href":"https:\/\/api.w.org\/{rel}","templated":true}]}}