{"id":8564,"date":"2025-01-24T09:29:02","date_gmt":"2025-01-24T08:29:02","guid":{"rendered":"https:\/\/www.sams-industrie.fr\/product\/refouleur-reference-700-303-003\/"},"modified":"2025-02-19T11:37:30","modified_gmt":"2025-02-19T10:37:30","slug":"refouleur-reference-700-303-003","status":"publish","type":"product","link":"https:\/\/www.sams-industrie.fr\/en\/product\/refouleur-reference-700-303-003\/","title":{"rendered":"Repressor<br> Reference 700-303-003"},"content":{"rendered":"","protected":false},"excerpt":{"rendered":"<p>RAPIDEX RAPIDLINE 13<br \/> R\u00e9f\u00e9rence constructeur : 700-303-003<br \/> R\u00e9f\u00e9rences \u00e9quivalentes : 700303003 \/ M700303003 \/ RAP700303003<\/p>","protected":false},"featured_media":0,"comment_status":"open","ping_status":"closed","template":"","meta":[],"_links":{"self":[{"href":"https:\/\/www.sams-industrie.fr\/en\/wp-json\/wp\/v2\/product\/8564"}],"collection":[{"href":"https:\/\/www.sams-industrie.fr\/en\/wp-json\/wp\/v2\/product"}],"about":[{"href":"https:\/\/www.sams-industrie.fr\/en\/wp-json\/wp\/v2\/types\/product"}],"replies":[{"embeddable":true,"href":"https:\/\/www.sams-industrie.fr\/en\/wp-json\/wp\/v2\/comments?post=8564"}],"wp:attachment":[{"href":"https:\/\/www.sams-industrie.fr\/en\/wp-json\/wp\/v2\/media?parent=8564"}],"curies":[{"name":"wp","href":"https:\/\/api.w.org\/{rel}","templated":true}]}}